{"id":53,"date":"2013-09-11T09:33:24","date_gmt":"2013-09-11T09:33:24","guid":{"rendered":"http:\/\/visia.themes.pixelentity.com\/?page_id=53"},"modified":"2021-05-22T15:06:33","modified_gmt":"2021-05-22T13:06:33","slug":"services","status":"publish","type":"page","link":"http:\/\/jv.ee\/?page_id=53","title":{"rendered":"TEENUSED"},"content":{"rendered":"\n<ul id=\"block-e2c2789f-4693-4a26-9a16-c8b5c8c119ac\"><li>Ehitust\u00f6\u00f6d<\/li><li>Elektrit\u00f6\u00f6d<\/li><li>Torut\u00f6\u00f6d<\/li><li>Ventilatsioonit\u00f6\u00f6d<\/li><li>Betoonit\u00f6\u00f6d<\/li><li>Muru niitmine<\/li><\/ul>\n","protected":false},"excerpt":{"rendered":"<p>Ehitust\u00f6\u00f6d Elektrit\u00f6\u00f6d Torut\u00f6\u00f6d Ventilatsioonit\u00f6\u00f6d Betoonit\u00f6\u00f6d Muru niitmine<\/p>\n","protected":false},"author":1,"featured_media":0,"parent":55,"menu_order":2,"comment_status":"open","ping_status":"closed","template":"page_services.php","meta":[],"_links":{"self":[{"href":"http:\/\/jv.ee\/index.php?rest_route=\/wp\/v2\/pages\/53"}],"collection":[{"href":"http:\/\/jv.ee\/index.php?rest_route=\/wp\/v2\/pages"}],"about":[{"href":"http:\/\/jv.ee\/index.php?rest_route=\/wp\/v2\/types\/page"}],"author":[{"embeddable":true,"href":"http:\/\/jv.ee\/index.php?rest_route=\/wp\/v2\/users\/1"}],"replies":[{"embeddable":true,"href":"http:\/\/jv.ee\/index.php?rest_route=%2Fwp%2Fv2%2Fcomments&post=53"}],"version-history":[{"count":2,"href":"http:\/\/jv.ee\/index.php?rest_route=\/wp\/v2\/pages\/53\/revisions"}],"predecessor-version":[{"id":158,"href":"http:\/\/jv.ee\/index.php?rest_route=\/wp\/v2\/pages\/53\/revisions\/158"}],"up":[{"embeddable":true,"href":"http:\/\/jv.ee\/index.php?rest_route=\/wp\/v2\/pages\/55"}],"wp:attachment":[{"href":"http:\/\/jv.ee\/index.php?rest_route=%2Fwp%2Fv2%2Fmedia&parent=53"}],"curies":[{"name":"wp","href":"https:\/\/api.w.org\/{rel}","templated":true}]}}